{"id":169,"date":"2025-11-26T22:23:16","date_gmt":"2025-11-26T22:23:16","guid":{"rendered":"https:\/\/mundialize.com.br\/?page_id=169"},"modified":"2025-12-27T04:58:05","modified_gmt":"2025-12-27T04:58:05","slug":"quem-somos-mundialize","status":"publish","type":"page","link":"https:\/\/mundialize.com.br\/fr\/quem-somos-mundialize\/","title":{"rendered":"Quem Somos | Mundialize"},"content":{"rendered":"<h1 class=\"wp-block-heading\"><strong>&nbsp;Quem somos Mundialize?<\/strong><\/h1>\n\n\n\n<h2 class=\"wp-block-heading\">Mundialize voc\u00ea tamb\u00e9m!<a href=\"https:\/\/draft.blogger.com\/u\/0\/blog\/page\/edit\/1580281890511653534\/4833036212880480992#\" target=\"_blank\" rel=\"noopener\"><\/a><\/h2>\n\n\n\n<p>Hoje a&nbsp;<a href=\"https:\/\/draft.blogger.com\/u\/0\/blog\/page\/edit\/1580281890511653534\/4833036212880480992#\" target=\"_blank\" rel=\"noopener\">Mundialize.com.br<\/a>&nbsp;voc\u00ea tem acessos a conte\u00fado de Moda e Beleza para voc\u00ea encontrar tudo em um s\u00f3 lugar. Dicas, ideias de looks, compara\u00e7\u00f5es para ajudar voc\u00ea no seu dia a dia, al\u00e9m de trazer as \u00faltimas not\u00edcias do mundo da moda.<\/p>\n\n\n\n<p>Estamos no mercado desde 2021 com um Blogger informativo e intuitivo. Informamos que todas e qualquer compra realizada atrav\u00e9s de links do nosso Blog \u00e9 \u00fanica exclusivamente de responsabilidade do vendedor\/loja respons\u00e1vel pela venda.<\/p>\n\n\n\n<p>Toda reclama\u00e7\u00e3o, sugest\u00e3o ou d\u00favida entre em contato conosco atrav\u00e9s das p\u00e1ginas de&nbsp;<a href=\"https:\/\/wa.me\/41998678054\" target=\"_blank\" rel=\"noopener\">CONTATO<\/a>&nbsp;ou deixe seu coment\u00e1rio.<\/p>\n\n\n\n<p>Sobre n\u00f3s &#8211; Quem somos Mundialize<\/p>\n\n\n\n<p><strong>A Mundialize \u00e9 um blog de dicas, estilo focado em moda feminina e entretenimento leve, que busca levar at\u00e9 voc\u00ea, o que est\u00e1 acontecendo em tempo real com dicas de moda, dicas femininas e muito mais.<\/strong>\u00a0A Mundialize se destaca por oferecer\u00a0<strong>DICAS DE MODA<\/strong>,\u00a0<strong>DICAS DE BELEZA<\/strong>, conte\u00fados de\u00a0<strong>ENTRETENIMENTO<\/strong>, al\u00e9m de\u00a0um conte\u00fado editorial estamos diariamente nos atualizando para trazer conte\u00fado de forma did\u00e1tica. No blog Mundialize voc\u00ea tamb\u00e9m encontra\u00a0<strong>DICAS DE LEGGING<\/strong>, sugest\u00f5es pr\u00e1ticas do dia a dia,\u00a0<strong>PARA USO DE  CAL\u00c7A LEGGING<\/strong>, tend\u00eancias femininas e conte\u00fados para mulheres que amam estilo, beleza e informa\u00e7\u00e3o.<\/p>\n\n\n\n<p>Criado por&nbsp;<strong>Luana de Fran\u00e7a<\/strong>, atriz e empreendedora, o blog Mundialize nasceu com o prop\u00f3sito de levar informa\u00e7\u00e3o relevante, leve e atual. A Mundialize trabalha para entregar artigos de qualidade, com dicas femininas \u00fateis, an\u00e1lises de moda, novidades do mundo das celebridades, entretenimento e not\u00edcias atualizadas para quem busca conte\u00fado confi\u00e1vel. Seja para aprender novas DICAS DE BELEZA, DICAS DE MODA do momento e tudo do mundo do entretenimento a Mundialize est\u00e1 sempre pronta para oferecer o melhor para o seu p\u00fablico.<\/p>\n\n\n\n<p>A Mundialize acredita na transpar\u00eancia, no respeito aos leitores e no compromisso com a entrega de conte\u00fados inspiradores, dicas pr\u00e1ticas e not\u00edcias atualizadas. O objetivo da Mundialize \u00e9 continuar crescendo e trazendo cada vez mais conte\u00fados relevantes criados com dedica\u00e7\u00e3o por&nbsp;<strong>Luana Antunes de Fran\u00e7a<\/strong>, refor\u00e7ando sua presen\u00e7a no universo digital feminino. <strong>A miss\u00e3o do nosso site \u00e9 levar at\u00e9 o leitor <em>informa\u00e7\u00f5es reais<\/em> com um \u00fanico intuito: Manter voc\u00ea atualizado com cada postagem,<\/strong> com objetivo <strong>de te informar com leveza para que voc\u00ea tenha um dia com alegria, informa\u00e7\u00e3o e muito entretenimento.<\/strong> De forma segura e pr\u00e1tica a Mundialize trabalha com not\u00edcias reais e N\u00c3O apoiamos <strong>fake News, informa\u00e7\u00f5es baseadas em pesquisas e com fundamento para voc\u00ea se manter atualizado diariamente<\/strong><\/p>\n\n\n\n<p><mark style=\"background-color:rgba(0, 0, 0, 0)\" class=\"has-inline-color has-vivid-red-color\"><strong>NOSSA MISS\u00c3O:<\/strong><\/mark><\/p>\n\n\n\n<p><mark style=\"background-color:rgba(0, 0, 0, 0);color:#920f0f\" class=\"has-inline-color\"><strong>A miss\u00e3o do nosso site \u00e9 levar at\u00e9 o leitor <em>informa\u00e7\u00f5es reais<\/em> com um \u00fanico intuito: Manter voc\u00ea atualizado com cada postagem,<\/strong> com objetivo <strong>de te informar com leveza para que voc\u00ea tenha um dia com alegria, informa\u00e7\u00e3o e muito entretenimento.<\/strong> De forma segura e pr\u00e1tica a Mundialize trabalha com not\u00edcias reais e N\u00c3O apoiamos <strong>fake news, informa\u00e7\u00f5es baseadas em pesquisas e com fundamento para voc\u00ea se manter atualizado diariamente<\/strong><\/mark><\/p>\n\n\n\n<p><mark style=\"background-color:rgba(0, 0, 0, 0)\" class=\"has-inline-color has-vivid-red-color\"><strong>NOSSO OBJETIVO:<\/strong><\/mark><\/p>\n\n\n\n<p><mark style=\"background-color:rgba(0, 0, 0, 0);color:#920f0f\" class=\"has-inline-color\"><strong>Informar e entreter<\/strong><\/mark><\/p>\n\n\n\n<p><mark style=\"background-color:rgba(0, 0, 0, 0)\" class=\"has-inline-color has-vivid-red-color\"><strong>NOSSOS VALORES:<\/strong><\/mark><\/p>\n\n\n\n<ul class=\"wp-block-list\">\n<li><mark style=\"background-color: rgba(0, 0, 0, 0);\" class=\"has-inline-color\"><strong style=\"color: rgb(146, 15, 15);\">Informa\u00e7<\/strong><font color=\"#920f0f\">\u00e3o relevante<\/font><\/mark> &#8211; <\/li>\n\n\n\n<li><mark style=\"background-color:rgba(0, 0, 0, 0);color:#930a0a\" class=\"has-inline-color\"><strong>Respeito<\/strong> as pessoas &#8211;<\/mark><\/li>\n\n\n\n<li><mark style=\"background-color:rgba(0, 0, 0, 0);color:#930a0a\" class=\"has-inline-color\"><strong>\u00c9tica e Integridade &#8211;<\/strong><\/mark><\/li>\n\n\n\n<li><mark style=\"background-color:rgba(0, 0, 0, 0);color:#930a0a\" class=\"has-inline-color\"><strong>Diversidade<\/strong> e inclus\u00e3o &#8211;<\/mark><\/li>\n\n\n\n<li><strong><mark style=\"background-color:rgba(0, 0, 0, 0);color:#930a0a\" class=\"has-inline-color\">Inova\u00e7\u00e3o e praticidade ao leitor &#8211;<\/mark><\/strong><\/li>\n\n\n\n<li><mark style=\"background-color:rgba(0, 0, 0, 0);color:#930a0a\" class=\"has-inline-color\"><strong>Paix\u00e3o<\/strong> por ensinar e informar &#8211;<\/mark><\/li>\n\n\n\n<li><mark style=\"background-color:rgba(0, 0, 0, 0);color:#930a0a\" class=\"has-inline-color\"><strong>Responsabilidade<\/strong> social e Ambiental<\/mark><\/li>\n<\/ul>\n\n\n\n<p>\ud83d\udccc&nbsp;<strong>Redes sociais oficiais da Mundialize:<\/strong><br><strong>Facebook:<\/strong>&nbsp;<a href=\"https:\/\/draft.blogger.com\/u\/0\/blog\/page\/edit\/1580281890511653534\/4833036212880480992#\" target=\"_blank\" rel=\"noopener\">https:\/\/www.facebook.com\/people\/MundialiZe\/100079712328423\/<\/a><br><strong>Instagram:<\/strong>&nbsp;<a href=\"https:\/\/draft.blogger.com\/u\/0\/blog\/page\/edit\/1580281890511653534\/4833036212880480992#\" target=\"_blank\" rel=\"noopener\">https:\/\/www.instagram.com\/mundializeoficial<\/a><\/p>\n\n\n\n\n\n<p><\/p>","protected":false},"excerpt":{"rendered":"<p>&nbsp;Quem somos Mundialize? Mundialize voc\u00ea tamb\u00e9m! Hoje a&nbsp;Mundialize.com.br&nbsp;voc\u00ea tem acessos a conte\u00fado de Moda e Beleza para voc\u00ea encontrar tudo em um s\u00f3 lugar. Dicas, ideias de looks, compara\u00e7\u00f5es para ajudar voc\u00ea no seu dia a dia, al\u00e9m de trazer as \u00faltimas not\u00edcias do mundo da moda. Estamos no mercado desde 2021 com um Blogger [&hellip;]<\/p>","protected":false},"author":1,"featured_media":0,"parent":0,"menu_order":0,"comment_status":"closed","ping_status":"closed","template":"","meta":{"footnotes":"[]"},"class_list":["post-169","page","type-page","status-publish","hentry"],"_hostinger_reach_plugin_has_subscription_block":false,"_hostinger_reach_plugin_is_elementor":false,"_links":{"self":[{"href":"https:\/\/mundialize.com.br\/fr\/wp-json\/wp\/v2\/pages\/169","targetHints":{"allow":["GET"]}}],"collection":[{"href":"https:\/\/mundialize.com.br\/fr\/wp-json\/wp\/v2\/pages"}],"about":[{"href":"https:\/\/mundialize.com.br\/fr\/wp-json\/wp\/v2\/types\/page"}],"author":[{"embeddable":true,"href":"https:\/\/mundialize.com.br\/fr\/wp-json\/wp\/v2\/users\/1"}],"replies":[{"embeddable":true,"href":"https:\/\/mundialize.com.br\/fr\/wp-json\/wp\/v2\/comments?post=169"}],"version-history":[{"count":4,"href":"https:\/\/mundialize.com.br\/fr\/wp-json\/wp\/v2\/pages\/169\/revisions"}],"predecessor-version":[{"id":1348,"href":"https:\/\/mundialize.com.br\/fr\/wp-json\/wp\/v2\/pages\/169\/revisions\/1348"}],"wp:attachment":[{"href":"https:\/\/mundialize.com.br\/fr\/wp-json\/wp\/v2\/media?parent=169"}],"curies":[{"name":"wp","href":"https:\/\/api.w.org\/{rel}","templated":true}]}}